{"id":552,"date":"2012-01-23T17:16:45","date_gmt":"2012-01-23T17:16:45","guid":{"rendered":"http:\/\/all-geo.org\/volcan01010\/"},"modified":"2013-05-27T14:27:26","modified_gmt":"2013-05-27T13:27:26","slug":"every-post-ever","status":"publish","type":"page","link":"https:\/\/all-geo.org\/volcan01010\/every-post-ever\/","title":{"rendered":"Every post ever"},"content":{"rendered":"<p>A handy list of all posts so far. \u00a0To be updated when new posts appear, you can use the <a href=\"http:\/\/all-geo.org\/volcan01010\/feed\" target=\"_blank\">RSS feed<\/a> or follow <a href=\"https:\/\/twitter.com\/volcan01010\" target=\"_blank\">@volcan01010 on Twitter<\/a>.<\/p>\n\n<ul class=\"archive-list\">\n<li class=\"archive-list-item\">March 30, 2023: <a title=\"Why I went on strike over civil servant pay\" href=\"https:\/\/all-geo.org\/volcan01010\/2023\/03\/why-i-went-on-strike-over-civil-servant-pay\/\">Why I went on strike over civil servant pay<\/a><\/li>\n<li class=\"archive-list-item\">July 28, 2017: <a title=\"Volcanic ash layers in Svalbard hold clues to the formation of the North Atlantic\" href=\"https:\/\/all-geo.org\/volcan01010\/2017\/07\/volcanic-ash-layers-in-svalbard-hold-clues-to-the-formation-of-the-north-atlantic\/\">Volcanic ash layers in Svalbard hold clues to the formation of the North Atlantic<\/a><\/li>\n<li class=\"archive-list-item\">September 30, 2016: <a title=\"Recommended sources of information on Katla volcano\" href=\"https:\/\/all-geo.org\/volcan01010\/2016\/09\/recommended-sources-of-information-on-katla-volcano\/\">Recommended sources of information on Katla volcano<\/a><\/li>\n<li class=\"archive-list-item\">October 26, 2015: <a title=\"A sedimentologist&#039;s guide to volcanic particle grain size (and foetal development)\" href=\"https:\/\/all-geo.org\/volcan01010\/2015\/10\/a-sedimentologists-guide-to-volcanic-particle-grain-size-and-foetal-development\/\">A sedimentologist's guide to volcanic particle grain size (and foetal development)<\/a><\/li>\n<li class=\"archive-list-item\">September 23, 2015: <a title=\"B\u00e1r\u00f0arbunga: satellites and computer models quantify sulphur dioxide release\" href=\"https:\/\/all-geo.org\/volcan01010\/2015\/09\/bardarbunga-satellites-and-computer-models-quantify-sulphur-dioxide-release\/\">B\u00e1r\u00f0arbunga: satellites and computer models quantify sulphur dioxide release<\/a><\/li>\n<li class=\"archive-list-item\">July 15, 2015: <a title=\"Installing Linux on Lenovo Thinkpad 11e\" href=\"https:\/\/all-geo.org\/volcan01010\/2015\/07\/installing-linux-on-lenovo-thinkpad-11e\/\">Installing Linux on Lenovo Thinkpad 11e<\/a><\/li>\n<li class=\"archive-list-item\">May 19, 2015: <a title=\"How big are the grains in a volcanic ash cloud?\" href=\"https:\/\/all-geo.org\/volcan01010\/2015\/05\/how-big-are-the-grains-in-a-volcanic-ash-cloud\/\">How big are the grains in a volcanic ash cloud?<\/a><\/li>\n<li class=\"archive-list-item\">April 30, 2015: <a title=\"How do satellites map volcanic ash clouds?\" href=\"https:\/\/all-geo.org\/volcan01010\/2015\/04\/how-do-satellites-map-volcanic-ash-clouds\/\">How do satellites map volcanic ash clouds?<\/a><\/li>\n<li class=\"archive-list-item\">March 18, 2015: <a title=\"How to watch the eclipse on the side of your car\" href=\"https:\/\/all-geo.org\/volcan01010\/2015\/03\/how-to-watch-the-eclipse-on-the-side-of-your-car\/\">How to watch the eclipse on the side of your car<\/a><\/li>\n<li class=\"archive-list-item\">February 28, 2015: <a title=\"Four years of volcan01010: Highlights of 2014\" href=\"https:\/\/all-geo.org\/volcan01010\/2015\/02\/four-years-of-volcan01010-highlights-of-2014\/\">Four years of volcan01010: Highlights of 2014<\/a><\/li>\n<li class=\"archive-list-item\">January 28, 2015: <a title=\"Easily plot magma compositions (TAS diagrams) in Python\" href=\"https:\/\/all-geo.org\/volcan01010\/2015\/01\/easily-plot-magma-compositions-tas-diagrams-in-python\/\">Easily plot magma compositions (TAS diagrams) in Python<\/a><\/li>\n<li class=\"archive-list-item\">December 28, 2014: <a title=\"Holuhraun fieldwork videos\" href=\"https:\/\/all-geo.org\/volcan01010\/2014\/12\/holuhraun-fieldwork-videos\/\">Holuhraun fieldwork videos<\/a><\/li>\n<li class=\"archive-list-item\">November 24, 2014: <a title=\"Alaskan ash in Ireland: context, implications and media coverage\" href=\"https:\/\/all-geo.org\/volcan01010\/2014\/11\/alaskan-ash-in-ireland-context-implications-and-media-coverage\/\">Alaskan ash in Ireland: context, implications and media coverage<\/a><\/li>\n<li class=\"archive-list-item\">October 30, 2014: <a title=\"Easily plot data on a Google Maps background with the QGIS OpenLayers plugin\" href=\"https:\/\/all-geo.org\/volcan01010\/2014\/10\/easily-plot-data-on-a-google-maps-background-with-the-qgis-openlayers-plugin\/\">Easily plot data on a Google Maps background with the QGIS OpenLayers plugin<\/a><\/li>\n<li class=\"archive-list-item\">September 25, 2014: <a title=\"Fieldwork at the Holuhraun\" href=\"https:\/\/all-geo.org\/volcan01010\/2014\/09\/fieldwork-at-the-holuhraun\/\">Fieldwork at the Holuhraun<\/a><\/li>\n<li class=\"archive-list-item\">September 11, 2014: <a title=\"B\u00e1r\u00f0arbunga - three weeks of tweets\" href=\"https:\/\/all-geo.org\/volcan01010\/2014\/09\/bardarbunga-three-weeks-of-tweets\/\">B\u00e1r\u00f0arbunga - three weeks of tweets<\/a><\/li>\n<li class=\"archive-list-item\">August 26, 2014: <a title=\"B\u00e1r\u00f0arbunga - turning Dettifoss into Niagara Falls\" href=\"https:\/\/all-geo.org\/volcan01010\/2014\/08\/bardarbunga-turning-dettifoss-into-niagara-falls\/\">B\u00e1r\u00f0arbunga - turning Dettifoss into Niagara Falls<\/a><\/li>\n<li class=\"archive-list-item\">August 20, 2014: <a title=\"B\u00e1r\u00f0arbunga - waiting and watching\" href=\"https:\/\/all-geo.org\/volcan01010\/2014\/08\/bardarbunga-waiting-and-watching\/\">B\u00e1r\u00f0arbunga - waiting and watching<\/a><\/li>\n<li class=\"archive-list-item\">August 14, 2014: <a title=\"(Almost) 3D view of H\u00e1ifoss waterfall, Iceland\" href=\"https:\/\/all-geo.org\/volcan01010\/2014\/08\/almost-3d-view-of-haifoss-waterfall-iceland\/\">(Almost) 3D view of H\u00e1ifoss waterfall, Iceland<\/a><\/li>\n<li class=\"archive-list-item\">July 28, 2014: <a title=\"Volcanic life - the first microbes to colonise the F\u00edmmv\u00f6r\u00f0uh\u00e1ls lava\" href=\"https:\/\/all-geo.org\/volcan01010\/2014\/07\/volcanic-life-the-first-microbes-to-colonise-the-fimmvorduhals-lava\/\">Volcanic life - the first microbes to colonise the F\u00edmmv\u00f6r\u00f0uh\u00e1ls lava<\/a><\/li>\n<li class=\"archive-list-item\">June 6, 2014: <a title=\"Fieldwork guide for robots (and humans)\" href=\"https:\/\/all-geo.org\/volcan01010\/2014\/06\/a-robots-guide-to-fieldwork\/\">Fieldwork guide for robots (and humans)<\/a><\/li>\n<li class=\"archive-list-item\">June 3, 2014: <a title=\"Do Iceland&#039;s volcanoes pose a threat to the UK?\" href=\"https:\/\/all-geo.org\/volcan01010\/2014\/06\/do-icelands-volcanoes-pose-a-threat-to-the-uk\/\">Do Iceland's volcanoes pose a threat to the UK?<\/a><\/li>\n<li class=\"archive-list-item\">April 28, 2014: <a title=\"Sources of reliable information about large Icelandic fissure eruptions\" href=\"https:\/\/all-geo.org\/volcan01010\/2014\/04\/sources-of-reliable-information-about-large-icelandic-fissure-eruptions\/\">Sources of reliable information about large Icelandic fissure eruptions<\/a><\/li>\n<li class=\"archive-list-item\">April 2, 2014: <a title=\"Fitting probability distributions from binned \/ quantile data in Python\" href=\"https:\/\/all-geo.org\/volcan01010\/2014\/04\/fitting-probability-distributions-from-binned-quantile-data\/\">Fitting probability distributions from binned \/ quantile data in Python<\/a><\/li>\n<li class=\"archive-list-item\">March 12, 2014: <a title=\"The most important journals in volcanology\" href=\"https:\/\/all-geo.org\/volcan01010\/2014\/03\/the-most-important-journals-in-volcanology\/\">The most important journals in volcanology<\/a><\/li>\n<li class=\"archive-list-item\">March 3, 2014: <a title=\"Three years of volcan01010: Highlights of 2013\" href=\"https:\/\/all-geo.org\/volcan01010\/2014\/03\/three-years-of-volcan01010-highlights-of-2013\/\">Three years of volcan01010: Highlights of 2013<\/a><\/li>\n<li class=\"archive-list-item\">February 12, 2014: <a title=\"A history of ash clouds and aviation\" href=\"https:\/\/all-geo.org\/volcan01010\/2014\/02\/a-history-of-ash-clouds-and-aviation\/\">A history of ash clouds and aviation<\/a><\/li>\n<li class=\"archive-list-item\">December 26, 2013: <a title=\"Generate volcano trivia with this SQLite tutorial\" href=\"https:\/\/all-geo.org\/volcan01010\/2013\/12\/generate-volcano-trivia-with-this-sqlite-tutorial\/\">Generate volcano trivia with this SQLite tutorial<\/a><\/li>\n<li class=\"archive-list-item\">November 3, 2013: <a title=\"QGIS on the FLOSS Weekly podcast\" href=\"https:\/\/all-geo.org\/volcan01010\/2013\/11\/qgis-on-the-floss-weekly-podcast\/\">QGIS on the FLOSS Weekly podcast<\/a><\/li>\n<li class=\"archive-list-item\">October 7, 2013: <a title=\"Soup or Volcano?\" href=\"https:\/\/all-geo.org\/volcan01010\/2013\/10\/soup-or-volcano\/\">Soup or Volcano?<\/a><\/li>\n<li class=\"archive-list-item\">September 30, 2013: <a title=\"How to use lognormal distributions in Python\" href=\"https:\/\/all-geo.org\/volcan01010\/2013\/09\/how-to-use-lognormal-distributions-in-python\/\">How to use lognormal distributions in Python<\/a><\/li>\n<li class=\"archive-list-item\">September 6, 2013: <a title=\"Volcanoes of Southern Iceland\" href=\"https:\/\/all-geo.org\/volcan01010\/2013\/09\/volcanoes-of-southern-iceland\/\">Volcanoes of Southern Iceland<\/a><\/li>\n<li class=\"archive-list-item\">August 16, 2013: <a title=\"Volcano suit \/ What to wear in Iceland\" href=\"https:\/\/all-geo.org\/volcan01010\/2013\/08\/volcano-suit-what-to-wear-in-iceland\/\">Volcano suit \/ What to wear in Iceland<\/a><\/li>\n<li class=\"archive-list-item\">July 16, 2013: <a title=\"Gr\u00edmsv\u00f6tn 2011 (Part 1): UK ash deposition from the biggest Icelandic eruption since Katla 1918\" href=\"https:\/\/all-geo.org\/volcan01010\/2013\/07\/grimsvotn-2011-in-uk-part-1-where\/\">Gr\u00edmsv\u00f6tn 2011 (Part 1): UK ash deposition from the biggest Icelandic eruption since Katla 1918<\/a><\/li>\n<li class=\"archive-list-item\">July 16, 2013: <a title=\"Gr\u00edmsv\u00f6tn 2011 (Part 2): Effects on aviation of the biggest Icelandic eruption since Katla 1918\" href=\"https:\/\/all-geo.org\/volcan01010\/2013\/07\/grimsvotn-2011-in-uk-part-2-aviation\/\">Gr\u00edmsv\u00f6tn 2011 (Part 2): Effects on aviation of the biggest Icelandic eruption since Katla 1918<\/a><\/li>\n<li class=\"archive-list-item\">July 1, 2013: <a title=\"Grant applications are hard work (includes LaTeX template)\" href=\"https:\/\/all-geo.org\/volcan01010\/2013\/07\/grant-applications-are-hard-work-includes-latex-template\/\">Grant applications are hard work (includes LaTeX template)<\/a><\/li>\n<li class=\"archive-list-item\">June 3, 2013: <a title=\"Ash cloud travel insurance \/ why scientists should blog\" href=\"https:\/\/all-geo.org\/volcan01010\/2013\/06\/ash-cloud-travel-insurance-why-scientists-should-blog\/\">Ash cloud travel insurance \/ why scientists should blog<\/a><\/li>\n<li class=\"archive-list-item\">April 15, 2013: <a title=\"EGU2013: Dirty volcanic hail, geology blogging, open source science and fracking\" href=\"https:\/\/all-geo.org\/volcan01010\/2013\/04\/egu2013dirty-volcanic-hail-geology-blogging-open-source-science-and-fracking\/\">EGU2013: Dirty volcanic hail, geology blogging, open source science and fracking<\/a><\/li>\n<li class=\"archive-list-item\">February 28, 2013: <a title=\"Two years of volcan01010: Highlights of 2012\" href=\"https:\/\/all-geo.org\/volcan01010\/2013\/02\/two-years-of-volcan01010-highlights-of-2012\/\">Two years of volcan01010: Highlights of 2012<\/a><\/li>\n<li class=\"archive-list-item\">January 23, 2013: <a title=\"Processing ARSF remote sensing data with open source GIS tools\" href=\"https:\/\/all-geo.org\/volcan01010\/2013\/01\/processing-arsf-remote-sensing-data-with-open-source-gis-tools\/\">Processing ARSF remote sensing data with open source GIS tools<\/a><\/li>\n<li class=\"archive-list-item\">December 20, 2012: <a title=\"Gas, not ice, makes subglacial rhyolite explode\" href=\"https:\/\/all-geo.org\/volcan01010\/2012\/12\/gas-makes-subglacial-rhyolite-explode\/\">Gas, not ice, makes subglacial rhyolite explode<\/a><\/li>\n<li class=\"archive-list-item\">December 12, 2012: <a title=\"UK Environment Advisor&#039;s talk on climate change\" href=\"https:\/\/all-geo.org\/volcan01010\/2012\/12\/environment-advisor-climate-talk\/\">UK Environment Advisor's talk on climate change<\/a><\/li>\n<li class=\"archive-list-item\">November 13, 2012: <a title=\"Easily change coordinate projection systems in Python with pyproj\" href=\"https:\/\/all-geo.org\/volcan01010\/2012\/11\/change-coordinates-with-pyproj\/\">Easily change coordinate projection systems in Python with pyproj<\/a><\/li>\n<li class=\"archive-list-item\">September 27, 2012: <a title=\"A visual estimate of the proportions of mixtures: pumice vs. lithics\" href=\"https:\/\/all-geo.org\/volcan01010\/2012\/09\/pumicelithicsproportions\/\">A visual estimate of the proportions of mixtures: pumice vs. lithics<\/a><\/li>\n<li class=\"archive-list-item\">August 16, 2012: <a title=\"Ten swimming pools of travel chaos\" href=\"https:\/\/all-geo.org\/volcan01010\/2012\/08\/ten-swimming-pools\/\">Ten swimming pools of travel chaos<\/a><\/li>\n<li class=\"archive-list-item\">August 5, 2012: <a title=\"Iceland horse fun\" href=\"https:\/\/all-geo.org\/volcan01010\/2012\/08\/iceland-horse-fun\/\">Iceland horse fun<\/a><\/li>\n<li class=\"archive-list-item\">July 30, 2012: <a title=\"Fieldwork update: Progress map, river crossings and bulldozers\" href=\"https:\/\/all-geo.org\/volcan01010\/2012\/07\/fieldwork-update-progress-map-river-crossings-and-bulldozers\/\">Fieldwork update: Progress map, river crossings and bulldozers<\/a><\/li>\n<li class=\"archive-list-item\">July 27, 2012: <a title=\"Glacier of the mountains of the islands\" href=\"https:\/\/all-geo.org\/volcan01010\/2012\/07\/glacier-of-the-mountains-of-the-islands\/\">Glacier of the mountains of the islands<\/a><\/li>\n<li class=\"archive-list-item\">June 28, 2012: <a title=\"On the geology of Prometheus\" href=\"https:\/\/all-geo.org\/volcan01010\/2012\/06\/on-the-geology-of-prometheus\/\">On the geology of Prometheus<\/a><\/li>\n<li class=\"archive-list-item\">June 19, 2012: <a title=\"Insight into climate debate at the Volcanism and the Atmosphere conference\" href=\"https:\/\/all-geo.org\/volcan01010\/2012\/06\/aguvolcatm\/\">Insight into climate debate at the Volcanism and the Atmosphere conference<\/a><\/li>\n<li class=\"archive-list-item\">May 22, 2012: <a title=\"Happy Anniversary Gr\u00edmsv\u00f6tn\" href=\"https:\/\/all-geo.org\/volcan01010\/2012\/05\/happy-anniversary-grimsvotn\/\">Happy Anniversary Gr\u00edmsv\u00f6tn<\/a><\/li>\n<li class=\"archive-list-item\">April 25, 2012: <a title=\"EGU2012 Open Source Software in Geosciences\" href=\"https:\/\/all-geo.org\/volcan01010\/2012\/04\/egu2012-open-source-software-in-geosciences\/\">EGU2012 Open Source Software in Geosciences<\/a><\/li>\n<li class=\"archive-list-item\">April 24, 2012: <a title=\"EGU2012 broken wifi workaround\" href=\"https:\/\/all-geo.org\/volcan01010\/2012\/04\/egu2012-broken-wifi-workaround\/\">EGU2012 broken wifi workaround<\/a><\/li>\n<li class=\"archive-list-item\">April 18, 2012: <a title=\"Science conference posters with Scribus\" href=\"https:\/\/all-geo.org\/volcan01010\/2012\/04\/conference_posters_with_scribus\/\">Science conference posters with Scribus<\/a><\/li>\n<li class=\"archive-list-item\">April 14, 2012: <a title=\"An Icelandic eruption 100 times more powerful than Eyjafjallaj\u00f6kull\" href=\"https:\/\/all-geo.org\/volcan01010\/2012\/04\/an-icelandic-eruption-100-times-more-powerful-than-eyjafjallajokull\/\">An Icelandic eruption 100 times more powerful than Eyjafjallaj\u00f6kull<\/a><\/li>\n<li class=\"archive-list-item\">March 21, 2012: <a title=\"Sounds of the Underground\" href=\"https:\/\/all-geo.org\/volcan01010\/2012\/03\/sounds-of-the-underground\/\">Sounds of the Underground<\/a><\/li>\n<li class=\"archive-list-item\">February 23, 2012: <a title=\"One year of volcan01010: Best of 2011 and coming up in 2012\" href=\"https:\/\/all-geo.org\/volcan01010\/2012\/02\/one-year-of-volcan01010\/\">One year of volcan01010: Best of 2011 and coming up in 2012<\/a><\/li>\n<li class=\"archive-list-item\">February 1, 2012: <a title=\"A Very Scottish Skyline\" href=\"https:\/\/all-geo.org\/volcan01010\/2012\/02\/a-very-scottish-skyline\/\">A Very Scottish Skyline<\/a><\/li>\n<li class=\"archive-list-item\">January 20, 2012: <a title=\"Iceland&#039;s melting glaciers and other stories from the Nordic Geological Winter Meeting\" href=\"https:\/\/all-geo.org\/volcan01010\/2012\/01\/icelands-melting-glaciers-and-other-stories\/\">Iceland's melting glaciers and other stories from the Nordic Geological Winter Meeting<\/a><\/li>\n<li class=\"archive-list-item\">December 27, 2011: <a title=\"Colima lahar videos\" href=\"https:\/\/all-geo.org\/volcan01010\/2011\/12\/colima-lahar-videos\/\">Colima lahar videos<\/a><\/li>\n<li class=\"archive-list-item\">November 24, 2011: <a title=\"All the software a geoscientist needs.  For free!\" href=\"https:\/\/all-geo.org\/volcan01010\/2011\/11\/all-the-software-a-geoscientists-needs-for-free\/\">All the software a geoscientist needs.  For free!<\/a><\/li>\n<li class=\"archive-list-item\">November 3, 2011: <a title=\"Why people are scared of Katla\" href=\"https:\/\/all-geo.org\/volcan01010\/2011\/11\/why-people-are-scared-of-katla\/\">Why people are scared of Katla<\/a><\/li>\n<li class=\"archive-list-item\">October 10, 2011: <a title=\"On Transatlantic Flight\" href=\"https:\/\/all-geo.org\/volcan01010\/2011\/10\/on-transatlantic-flight\/\">On Transatlantic Flight<\/a><\/li>\n<li class=\"archive-list-item\">September 20, 2011: <a title=\"Farmyard Geomorphology\" href=\"https:\/\/all-geo.org\/volcan01010\/2011\/09\/farmyard-geomorphology\/\">Farmyard Geomorphology<\/a><\/li>\n<li class=\"archive-list-item\">August 17, 2011: <a title=\"Gr\u00edmsv\u00f6tn 1 - Crossing the glacier\" href=\"https:\/\/all-geo.org\/volcan01010\/2011\/08\/grimsvotn-1-crossing-glacier\/\">Gr\u00edmsv\u00f6tn 1 - Crossing the glacier<\/a><\/li>\n<li class=\"archive-list-item\">August 17, 2011: <a title=\"Gr\u00edmsv\u00f6tn 2 - What was in the plume?\" href=\"https:\/\/all-geo.org\/volcan01010\/2011\/08\/grimsvotn-2-plume-deposits\/\">Gr\u00edmsv\u00f6tn 2 - What was in the plume?<\/a><\/li>\n<li class=\"archive-list-item\">August 17, 2011: <a title=\"Gr\u00edmsv\u00f6tn 3 - Bonus truck pictures\" href=\"https:\/\/all-geo.org\/volcan01010\/2011\/08\/grimsvotn-3-truck-pictures\/\">Gr\u00edmsv\u00f6tn 3 - Bonus truck pictures<\/a><\/li>\n<li class=\"archive-list-item\">August 2, 2011: <a title=\"The most caring country on Earth?\" href=\"https:\/\/all-geo.org\/volcan01010\/2011\/08\/most-caring-country\/\">The most caring country on Earth?<\/a><\/li>\n<li class=\"archive-list-item\">August 2, 2011: <a title=\"A taste of Hekla\" href=\"https:\/\/all-geo.org\/volcan01010\/2011\/08\/a-taste-of-hekla\/\">A taste of Hekla<\/a><\/li>\n<li class=\"archive-list-item\">July 6, 2011: <a title=\"Quick, multipart, annotated figures with ImageMagick\" href=\"https:\/\/all-geo.org\/volcan01010\/2011\/07\/figures-with-imagemagick\/\">Quick, multipart, annotated figures with ImageMagick<\/a><\/li>\n<li class=\"archive-list-item\">June 16, 2011: <a title=\"Puyehue-Cord\u00f3n Caulle ash circles the globe\" href=\"https:\/\/all-geo.org\/volcan01010\/2011\/06\/puyehue-cordon-caulle-ash-circles-the-globe\/\">Puyehue-Cord\u00f3n Caulle ash circles the globe<\/a><\/li>\n<li class=\"archive-list-item\">May 27, 2011: <a title=\"Gr\u00edmsv\u00f6tn: images of UK ashfall\" href=\"https:\/\/all-geo.org\/volcan01010\/2011\/05\/grimsvotn-images-of-uk-ashfall\/\">Gr\u00edmsv\u00f6tn: images of UK ashfall<\/a><\/li>\n<li class=\"archive-list-item\">May 25, 2011: <a title=\"Gr\u00edmsv\u00f6tn: eruption ends, UK ashfall, mapping the plume\" href=\"https:\/\/all-geo.org\/volcan01010\/2011\/05\/grimsvotn-uk-ashfall\/\">Gr\u00edmsv\u00f6tn: eruption ends, UK ashfall, mapping the plume<\/a><\/li>\n<li class=\"archive-list-item\">May 24, 2011: <a title=\"Gr\u00edmsv\u00f6tn eruption: more questions and answers\" href=\"https:\/\/all-geo.org\/volcan01010\/2011\/05\/grimsvotn-eruption-more-questions-and-answers\/\">Gr\u00edmsv\u00f6tn eruption: more questions and answers<\/a><\/li>\n<li class=\"archive-list-item\">May 24, 2011: <a title=\"An easy way to sample falling ash (updated to include wet sampling)\" href=\"https:\/\/all-geo.org\/volcan01010\/2011\/05\/ash-sampling\/\">An easy way to sample falling ash (updated to include wet sampling)<\/a><\/li>\n<li class=\"archive-list-item\">May 22, 2011: <a title=\"Grimsv\u00f6tn eruption - frequently asked questions\" href=\"https:\/\/all-geo.org\/volcan01010\/2011\/05\/grimsvotn-eruption-frequently-asked-questions\/\">Grimsv\u00f6tn eruption - frequently asked questions<\/a><\/li>\n<li class=\"archive-list-item\">April 15, 2011: <a title=\"Metric babies\" href=\"https:\/\/all-geo.org\/volcan01010\/2011\/04\/metric-babies\/\">Metric babies<\/a><\/li>\n<li class=\"archive-list-item\">April 14, 2011: <a title=\"Eyjafjallaj\u00f6kull anniversary: what we have learned\" href=\"https:\/\/all-geo.org\/volcan01010\/2011\/04\/eyjafjallajokull-anniversary\/\">Eyjafjallaj\u00f6kull anniversary: what we have learned<\/a><\/li>\n<li class=\"archive-list-item\">February 21, 2011: <a title=\"Ash cloud closes UK airports: what are the chances?\" href=\"https:\/\/all-geo.org\/volcan01010\/2011\/02\/ash-cloud-closes-airports-chances\/\">Ash cloud closes UK airports: what are the chances?<\/a><\/li>\n<\/ul>\n\n\n","protected":false},"excerpt":{"rendered":"<p>A handy list of all posts so far. \u00a0To be updated when new posts appear, you can use the RSS feed or follow @volcan01010 on Twitter.<\/p>\n","protected":false},"author":2,"featured_media":0,"parent":0,"menu_order":0,"comment_status":"open","ping_status":"open","template":"","meta":{"footnotes":""},"class_list":["post-552","page","type-page","status-publish","hentry"],"_links":{"self":[{"href":"https:\/\/all-geo.org\/volcan01010\/wp-json\/wp\/v2\/pages\/552","targetHints":{"allow":["GET"]}}],"collection":[{"href":"https:\/\/all-geo.org\/volcan01010\/wp-json\/wp\/v2\/pages"}],"about":[{"href":"https:\/\/all-geo.org\/volcan01010\/wp-json\/wp\/v2\/types\/page"}],"author":[{"embeddable":true,"href":"https:\/\/all-geo.org\/volcan01010\/wp-json\/wp\/v2\/users\/2"}],"replies":[{"embeddable":true,"href":"https:\/\/all-geo.org\/volcan01010\/wp-json\/wp\/v2\/comments?post=552"}],"version-history":[{"count":5,"href":"https:\/\/all-geo.org\/volcan01010\/wp-json\/wp\/v2\/pages\/552\/revisions"}],"predecessor-version":[{"id":956,"href":"https:\/\/all-geo.org\/volcan01010\/wp-json\/wp\/v2\/pages\/552\/revisions\/956"}],"wp:attachment":[{"href":"https:\/\/all-geo.org\/volcan01010\/wp-json\/wp\/v2\/media?parent=552"}],"curies":[{"name":"wp","href":"https:\/\/api.w.org\/{rel}","templated":true}]}}